{"id":1711,"date":"2025-08-31T16:53:35","date_gmt":"2025-08-31T13:53:35","guid":{"rendered":"https:\/\/forexton.net\/warunki-uzytkowania\/"},"modified":"2025-12-17T00:56:47","modified_gmt":"2025-12-16T21:56:47","slug":"warunki-uzytkowania","status":"publish","type":"page","link":"https:\/\/forexton.net\/pl\/warunki-uzytkowania\/","title":{"rendered":"Warunki u\u017cytkowania"},"content":{"rendered":"\t\t<div data-elementor-type=\"wp-page\" data-elementor-id=\"1711\" class=\"elementor elementor-1711 elementor-320\" data-elementor-post-type=\"page\">\n\t\t\t\t\t\t<section class=\"elementor-section elementor-top-section elementor-element elementor-element-61a5f4b elementor-section-boxed elementor-section-height-default elementor-section-height-default\" data-id=\"61a5f4b\" data-element_type=\"section\" data-settings=\"{&quot;background_background&quot;:&quot;classic&quot;}\">\n\t\t\t\t\t\t<div class=\"elementor-container elementor-column-gap-default\">\n\t\t\t\t\t<div class=\"elementor-column elementor-col-100 elementor-top-column elementor-element elementor-element-119e4d8\" data-id=\"119e4d8\" data-element_type=\"column\">\n\t\t\t<div class=\"elementor-widget-wrap elementor-element-populated\">\n\t\t\t\t\t\t<div class=\"elementor-element elementor-element-055cbae elementor-widget elementor-widget-heading\" data-id=\"055cbae\" data-element_type=\"widget\" data-widget_type=\"heading.default\">\n\t\t\t\t\t<h1 class=\"elementor-heading-title elementor-size-default\">Warunki u\u017cytkowania<\/h1>\t\t\t\t<\/div>\n\t\t\t\t\t<\/div>\n\t\t<\/div>\n\t\t\t\t\t<\/div>\n\t\t<\/section>\n\t\t\t\t<section class=\"elementor-section elementor-top-section elementor-element elementor-element-286f56e elementor-section-boxed elementor-section-height-default elementor-section-height-default\" data-id=\"286f56e\" data-element_type=\"section\">\n\t\t\t\t\t\t<div class=\"elementor-container elementor-column-gap-default\">\n\t\t\t\t\t<div class=\"elementor-column elementor-col-100 elementor-top-column elementor-element elementor-element-aa03444\" data-id=\"aa03444\" data-element_type=\"column\">\n\t\t\t<div class=\"elementor-widget-wrap elementor-element-populated\">\n\t\t\t\t\t\t<div class=\"elementor-element elementor-element-730783e elementor-widget elementor-widget-text-editor\" data-id=\"730783e\" data-element_type=\"widget\" data-widget_type=\"text-editor.default\">\n\t\t\t\t\t\t\t\t\t<ol><li><strong> Postanowienia og\u00f3lne<\/strong><strong><br><\/strong>Niniejsze Warunki u\u017cytkowania reguluj\u0105 zasady dost\u0119pu i korzystania z witryny Forexton. Korzystaj\u0105c z tej strony, potwierdzasz, \u017ce zgadzasz si\u0119 z tymi warunkami.<\/li><li><strong> Wykorzystanie informacji<\/strong><strong><br><\/strong>Wszystkie informacje zawarte na stronie internetowej maj\u0105 charakter wy\u0142\u0105cznie informacyjny. Recenzje, rankingi i materia\u0142y nie stanowi\u0105 porad finansowych, inwestycyjnych ani prawnych. Wszelkie wykorzystanie informacji zawartych na stronie odbywa si\u0119 na w\u0142asne ryzyko.<\/li><li> Ograniczenie odpowiedzialno\u015bci<br>Forexton nie ponosi odpowiedzialno\u015bci za jakiekolwiek straty lub konsekwencje wynikaj\u0105ce z wykorzystania informacji zamieszczonych na stronie internetowej.<\/li><li> <strong>Prawa w\u0142asno\u015bci intelektualnej<\/strong><br>Wszystkie materia\u0142y zamieszczone na stronie, w tym teksty, grafiki, logo i projekty, s\u0105 w\u0142asno\u015bci\u0105 <strong>Forexton <\/strong>lub jego partner\u00f3w i s\u0105 chronione obowi\u0105zuj\u0105cymi przepisami dotycz\u0105cymi ochrony w\u0142asno\u015bci intelektualnej.<\/li><li><strong> Zmiana warunk\u00f3w<\/strong><strong><br><\/strong>Forexton zastrzega sobie prawo do zmiany niniejszych Warunk\u00f3w u\u017cytkowania w dowolnym momencie. Aktualna wersja jest publikowana na stronie internetowej i wchodzi w \u017cycie z chwil\u0105 publikacji.<\/li><\/ol>\t\t\t\t\t\t\t\t<\/div>\n\t\t\t\t\t<\/div>\n\t\t<\/div>\n\t\t\t\t\t<\/div>\n\t\t<\/section>\n\t\t\t\t<\/div>\n\t\t","protected":false},"excerpt":{"rendered":"<p>Warunki u\u017cytkowania Postanowienia og\u00f3lneNiniejsze Warunki u\u017cytkowania reguluj\u0105 zasady dost\u0119pu i korzystania z witryny Forexton. Korzystaj\u0105c z tej strony, potwierdzasz, \u017ce [&hellip;]<\/p>\n","protected":false},"author":1,"featured_media":0,"parent":0,"menu_order":0,"comment_status":"closed","ping_status":"closed","template":"elementor_header_footer","meta":{"_seopress_robots_primary_cat":"","_seopress_titles_title":"Warunki u\u017cytkowania | Forexton","_seopress_titles_desc":"","_seopress_robots_index":"","site-sidebar-layout":"no-sidebar","site-content-layout":"","ast-site-content-layout":"full-width-container","site-content-style":"default","site-sidebar-style":"default","ast-global-header-display":"","ast-banner-title-visibility":"","ast-main-header-display":"","ast-hfb-above-header-display":"","ast-hfb-below-header-display":"","ast-hfb-mobile-header-display":"","site-post-title":"disabled","ast-breadcrumbs-content":"","ast-featured-img":"disabled","footer-sml-layout":"","theme-transparent-header-meta":"","adv-header-id-meta":"","stick-header-meta":"","header-above-stick-meta":"","header-main-stick-meta":"","header-below-stick-meta":"","astra-migrate-meta-layouts":"default","ast-page-background-enabled":"default","ast-page-background-meta":{"desktop":{"background-color":"var(--ast-global-color-5)","background-image":"","background-repeat":"repeat","background-position":"center center","background-size":"auto","background-attachment":"scroll","background-type":"","background-media":"","overlay-type":"","overlay-color":"","overlay-opacity":"","overlay-gradient":""},"tablet":{"background-color":"","background-image":"","background-repeat":"repeat","background-position":"center center","background-size":"auto","background-attachment":"scroll","background-type":"","background-media":"","overlay-type":"","overlay-color":"","overlay-opacity":"","overlay-gradient":""},"mobile":{"background-color":"","background-image":"","background-repeat":"repeat","background-position":"center center","background-size":"auto","background-attachment":"scroll","background-type":"","background-media":"","overlay-type":"","overlay-color":"","overlay-opacity":"","overlay-gradient":""}},"ast-content-background-meta":{"desktop":{"background-color":"var(--ast-global-color-4)","background-image":"","background-repeat":"repeat","background-position":"center center","background-size":"auto","background-attachment":"scroll","background-type":"","background-media":"","overlay-type":"","overlay-color":"","overlay-opacity":"","overlay-gradient":""},"tablet":{"background-color":"var(--ast-global-color-4)","background-image":"","background-repeat":"repeat","background-position":"center center","background-size":"auto","background-attachment":"scroll","background-type":"","background-media":"","overlay-type":"","overlay-color":"","overlay-opacity":"","overlay-gradient":""},"mobile":{"background-color":"var(--ast-global-color-4)","background-image":"","background-repeat":"repeat","background-position":"center center","background-size":"auto","background-attachment":"scroll","background-type":"","background-media":"","overlay-type":"","overlay-color":"","overlay-opacity":"","overlay-gradient":""}},"footnotes":""},"class_list":["post-1711","page","type-page","status-publish","hentry"],"_links":{"self":[{"href":"https:\/\/forexton.net\/pl\/wp-json\/wp\/v2\/pages\/1711","targetHints":{"allow":["GET"]}}],"collection":[{"href":"https:\/\/forexton.net\/pl\/wp-json\/wp\/v2\/pages"}],"about":[{"href":"https:\/\/forexton.net\/pl\/wp-json\/wp\/v2\/types\/page"}],"author":[{"embeddable":true,"href":"https:\/\/forexton.net\/pl\/wp-json\/wp\/v2\/users\/1"}],"replies":[{"embeddable":true,"href":"https:\/\/forexton.net\/pl\/wp-json\/wp\/v2\/comments?post=1711"}],"version-history":[{"count":0,"href":"https:\/\/forexton.net\/pl\/wp-json\/wp\/v2\/pages\/1711\/revisions"}],"wp:attachment":[{"href":"https:\/\/forexton.net\/pl\/wp-json\/wp\/v2\/media?parent=1711"}],"curies":[{"name":"wp","href":"https:\/\/api.w.org\/{rel}","templated":true}]}}