{"id":1700,"date":"2025-08-31T16:43:52","date_gmt":"2025-08-31T13:43:52","guid":{"rendered":"https:\/\/forexton.net\/zastrzezenie\/"},"modified":"2025-12-17T00:44:01","modified_gmt":"2025-12-16T21:44:01","slug":"zastrzezenie","status":"publish","type":"page","link":"https:\/\/forexton.net\/pl\/zastrzezenie\/","title":{"rendered":"Zastrze\u017cenie"},"content":{"rendered":"\t\t<div data-elementor-type=\"wp-page\" data-elementor-id=\"1700\" class=\"elementor elementor-1700 elementor-285\" data-elementor-post-type=\"page\">\n\t\t\t\t\t\t<section class=\"elementor-section elementor-top-section elementor-element elementor-element-3d51f43 elementor-section-boxed elementor-section-height-default elementor-section-height-default\" data-id=\"3d51f43\" data-element_type=\"section\" data-settings=\"{&quot;background_background&quot;:&quot;classic&quot;}\">\n\t\t\t\t\t\t<div class=\"elementor-container elementor-column-gap-default\">\n\t\t\t\t\t<div class=\"elementor-column elementor-col-100 elementor-top-column elementor-element elementor-element-8ef13cf\" data-id=\"8ef13cf\" data-element_type=\"column\">\n\t\t\t<div class=\"elementor-widget-wrap elementor-element-populated\">\n\t\t\t\t\t\t<div class=\"elementor-element elementor-element-2080d52 elementor-widget elementor-widget-heading\" data-id=\"2080d52\" data-element_type=\"widget\" data-widget_type=\"heading.default\">\n\t\t\t\t\t<h1 class=\"elementor-heading-title elementor-size-default\">Zastrze\u017cenie<\/h1>\t\t\t\t<\/div>\n\t\t\t\t\t<\/div>\n\t\t<\/div>\n\t\t\t\t\t<\/div>\n\t\t<\/section>\n\t\t\t\t<section class=\"elementor-section elementor-top-section elementor-element elementor-element-703786b elementor-section-boxed elementor-section-height-default elementor-section-height-default\" data-id=\"703786b\" data-element_type=\"section\">\n\t\t\t\t\t\t<div class=\"elementor-container elementor-column-gap-default\">\n\t\t\t\t\t<div class=\"elementor-column elementor-col-100 elementor-top-column elementor-element elementor-element-defd6d4\" data-id=\"defd6d4\" data-element_type=\"column\">\n\t\t\t<div class=\"elementor-widget-wrap elementor-element-populated\">\n\t\t\t\t\t\t<div class=\"elementor-element elementor-element-fec7eaa elementor-widget elementor-widget-text-editor\" data-id=\"fec7eaa\" data-element_type=\"widget\" data-widget_type=\"text-editor.default\">\n\t\t\t\t\t\t\t\t\t<ol><li><strong> Postanowienia og\u00f3lne<\/strong><strong><br><\/strong>Informacje zamieszczone na stronie internetowej <strong>Forexton <\/strong>maj\u0105 charakter wy\u0142\u0105cznie informacyjny. Korzystanie z materia\u0142\u00f3w zamieszczonych na stronie nie zast\u0119puje konsultacji z profesjonalnym doradc\u0105 finansowym lub inwestycyjnym.<\/li><li><strong> Ryzyko zwi\u0105zane z u\u017cyciem<\/strong><strong><br><\/strong>Wszelkie dzia\u0142ania podejmowane na podstawie informacji zawartych na stronie, w tym inwestycje lub wsp\u00f3\u0142praca z brokerami, s\u0105 realizowane na w\u0142asne ryzyko. Forexton nie ponosi odpowiedzialno\u015bci za finansowe lub inne konsekwencje Twoich decyzji.<\/li><li><strong> Materia\u0142y partnerskie<\/strong><strong><br><\/strong>Niekt\u00f3re materia\u0142y na stronie mog\u0105 zawiera\u0107 linki do zewn\u0119trznych zasob\u00f3w. Forexton nie kontroluje tych stron i nie ponosi odpowiedzialno\u015bci za ich zawarto\u015b\u0107.<\/li><li><strong> Zmiany i aktualizacje<\/strong><strong><br><\/strong>Forexton zastrzega sobie prawo do zmiany i aktualizacji materia\u0142\u00f3w na stronie internetowej, a tak\u017ce niniejszego wy\u0142\u0105czenia odpowiedzialno\u015bci w dowolnym momencie. Aktualna wersja jest publikowana na stronie internetowej.<\/li><\/ol>\t\t\t\t\t\t\t\t<\/div>\n\t\t\t\t\t<\/div>\n\t\t<\/div>\n\t\t\t\t\t<\/div>\n\t\t<\/section>\n\t\t\t\t<\/div>\n\t\t","protected":false},"excerpt":{"rendered":"<p>Zastrze\u017cenie Postanowienia og\u00f3lneInformacje zamieszczone na stronie internetowej Forexton maj\u0105 charakter wy\u0142\u0105cznie informacyjny. Korzystanie z materia\u0142\u00f3w zamieszczonych na stronie nie zast\u0119puje [&hellip;]<\/p>\n","protected":false},"author":1,"featured_media":0,"parent":0,"menu_order":0,"comment_status":"closed","ping_status":"closed","template":"elementor_header_footer","meta":{"_seopress_robots_primary_cat":"","_seopress_titles_title":"Zastrze\u017cenie prawne | Forexton","_seopress_titles_desc":"","_seopress_robots_index":"","site-sidebar-layout":"no-sidebar","site-content-layout":"","ast-site-content-layout":"full-width-container","site-content-style":"default","site-sidebar-style":"default","ast-global-header-display":"","ast-banner-title-visibility":"","ast-main-header-display":"","ast-hfb-above-header-display":"","ast-hfb-below-header-display":"","ast-hfb-mobile-header-display":"","site-post-title":"disabled","ast-breadcrumbs-content":"","ast-featured-img":"disabled","footer-sml-layout":"","theme-transparent-header-meta":"default","adv-header-id-meta":"","stick-header-meta":"","header-above-stick-meta":"","header-main-stick-meta":"","header-below-stick-meta":"","astra-migrate-meta-layouts":"default","ast-page-background-enabled":"default","ast-page-background-meta":{"desktop":{"background-color":"var(--ast-global-color-5)","background-image":"","background-repeat":"repeat","background-position":"center center","background-size":"auto","background-attachment":"scroll","background-type":"","background-media":"","overlay-type":"","overlay-color":"","overlay-opacity":"","overlay-gradient":""},"tablet":{"background-color":"","background-image":"","background-repeat":"repeat","background-position":"center center","background-size":"auto","background-attachment":"scroll","background-type":"","background-media":"","overlay-type":"","overlay-color":"","overlay-opacity":"","overlay-gradient":""},"mobile":{"background-color":"","background-image":"","background-repeat":"repeat","background-position":"center center","background-size":"auto","background-attachment":"scroll","background-type":"","background-media":"","overlay-type":"","overlay-color":"","overlay-opacity":"","overlay-gradient":""}},"ast-content-background-meta":{"desktop":{"background-color":"var(--ast-global-color-4)","background-image":"","background-repeat":"repeat","background-position":"center center","background-size":"auto","background-attachment":"scroll","background-type":"","background-media":"","overlay-type":"","overlay-color":"","overlay-opacity":"","overlay-gradient":""},"tablet":{"background-color":"var(--ast-global-color-4)","background-image":"","background-repeat":"repeat","background-position":"center center","background-size":"auto","background-attachment":"scroll","background-type":"","background-media":"","overlay-type":"","overlay-color":"","overlay-opacity":"","overlay-gradient":""},"mobile":{"background-color":"var(--ast-global-color-4)","background-image":"","background-repeat":"repeat","background-position":"center center","background-size":"auto","background-attachment":"scroll","background-type":"","background-media":"","overlay-type":"","overlay-color":"","overlay-opacity":"","overlay-gradient":""}},"footnotes":""},"class_list":["post-1700","page","type-page","status-publish","hentry"],"_links":{"self":[{"href":"https:\/\/forexton.net\/pl\/wp-json\/wp\/v2\/pages\/1700","targetHints":{"allow":["GET"]}}],"collection":[{"href":"https:\/\/forexton.net\/pl\/wp-json\/wp\/v2\/pages"}],"about":[{"href":"https:\/\/forexton.net\/pl\/wp-json\/wp\/v2\/types\/page"}],"author":[{"embeddable":true,"href":"https:\/\/forexton.net\/pl\/wp-json\/wp\/v2\/users\/1"}],"replies":[{"embeddable":true,"href":"https:\/\/forexton.net\/pl\/wp-json\/wp\/v2\/comments?post=1700"}],"version-history":[{"count":0,"href":"https:\/\/forexton.net\/pl\/wp-json\/wp\/v2\/pages\/1700\/revisions"}],"wp:attachment":[{"href":"https:\/\/forexton.net\/pl\/wp-json\/wp\/v2\/media?parent=1700"}],"curies":[{"name":"wp","href":"https:\/\/api.w.org\/{rel}","templated":true}]}}