{"id":1693,"date":"2025-08-31T15:21:38","date_gmt":"2025-08-31T12:21:38","guid":{"rendered":"https:\/\/forexton.net\/o-nas\/"},"modified":"2025-12-17T00:33:11","modified_gmt":"2025-12-16T21:33:11","slug":"o-nas","status":"publish","type":"page","link":"https:\/\/forexton.net\/pl\/o-nas\/","title":{"rendered":"O nas"},"content":{"rendered":"\t\t<div data-elementor-type=\"wp-page\" data-elementor-id=\"1693\" class=\"elementor elementor-1693 elementor-249\" data-elementor-post-type=\"page\">\n\t\t\t\t\t\t<section class=\"elementor-section elementor-top-section elementor-element elementor-element-0736d1d elementor-section-boxed elementor-section-height-default elementor-section-height-default\" data-id=\"0736d1d\" data-element_type=\"section\" data-settings=\"{&quot;background_background&quot;:&quot;classic&quot;}\">\n\t\t\t\t\t\t<div class=\"elementor-container elementor-column-gap-default\">\n\t\t\t\t\t<div class=\"elementor-column elementor-col-100 elementor-top-column elementor-element elementor-element-6cd7353\" data-id=\"6cd7353\" data-element_type=\"column\">\n\t\t\t<div class=\"elementor-widget-wrap elementor-element-populated\">\n\t\t\t\t\t\t<div class=\"elementor-element elementor-element-3f4fd8a elementor-widget elementor-widget-heading\" data-id=\"3f4fd8a\" data-element_type=\"widget\" data-widget_type=\"heading.default\">\n\t\t\t\t\t<h1 class=\"elementor-heading-title elementor-size-default\">O nas<\/h1>\t\t\t\t<\/div>\n\t\t\t\t<div class=\"elementor-element elementor-element-4bc5463 elementor-widget elementor-widget-text-editor\" data-id=\"4bc5463\" data-element_type=\"widget\" data-widget_type=\"text-editor.default\">\n\t\t\t\t\t\t\t\t\t<p>Forexton <\/p>\t\t\t\t\t\t\t\t<\/div>\n\t\t\t\t\t<\/div>\n\t\t<\/div>\n\t\t\t\t\t<\/div>\n\t\t<\/section>\n\t\t\t\t<section class=\"elementor-section elementor-top-section elementor-element elementor-element-d90594c elementor-section-boxed elementor-section-height-default elementor-section-height-default\" data-id=\"d90594c\" data-element_type=\"section\">\n\t\t\t\t\t\t<div class=\"elementor-container elementor-column-gap-default\">\n\t\t\t\t\t<div class=\"elementor-column elementor-col-50 elementor-top-column elementor-element elementor-element-1a3c708\" data-id=\"1a3c708\" data-element_type=\"column\">\n\t\t\t<div class=\"elementor-widget-wrap elementor-element-populated\">\n\t\t\t\t\t\t<div class=\"elementor-element elementor-element-8a5b311 elementor-widget elementor-widget-text-editor\" data-id=\"8a5b311\" data-element_type=\"widget\" data-widget_type=\"text-editor.default\">\n\t\t\t\t\t\t\t\t\t<p><strong>Forexton<\/strong> \u2014 \u044d\u0442\u043e \u043d\u0435\u0437\u0430\u0432\u0438\u0441\u0438\u043c\u0430\u044f \u043e\u043d\u043b\u0430\u0439\u043d-\u043f\u043b\u0430\u0442\u0444\u043e\u0440\u043c\u0430, \u0441\u043e\u0437\u0434\u0430\u043d\u043d\u0430\u044f \u0434\u043b\u044f \u0442\u043e\u0433\u043e, \u0447\u0442\u043e\u0431\u044b \u043f\u0440\u0435\u0434\u043e\u0441\u0442\u0430\u0432\u0438\u0442\u044c \u043f\u043e\u043b\u044c\u0437\u043e\u0432\u0430\u0442\u0435\u043b\u044f\u043c \u0434\u043e\u0441\u0442\u043e\u0432\u0435\u0440\u043d\u0443\u044e \u0438 \u0441\u0442\u0440\u0443\u043a\u0442\u0443\u0440\u0438\u0440\u043e\u0432\u0430\u043d\u043d\u0443\u044e \u0438\u043d\u0444\u043e\u0440\u043c\u0430\u0446\u0438\u044e \u043e \u043c\u0438\u0440\u0435 \u0444\u0438\u043d\u0430\u043d\u0441\u043e\u0432, \u0438\u043d\u0432\u0435\u0441\u0442\u0438\u0446\u0438\u0439 \u0438 \u0444\u043e\u0440\u0435\u043a\u0441. Naszym celem jest wyja\u015bnienie skomplikowanych zagadnie\u0144 i u\u0142atwienie wszystkim procesu poznawania rynku.<\/p><p>Rozumiemy, \u017ce inwestowanie i handel na rynkach mog\u0105 wydawa\u0107 si\u0119 skomplikowane. W\u0142a\u015bnie dlatego zebrali\u015bmy zesp\u00f3\u0142 ekspert\u00f3w i analityk\u00f3w, kt\u00f3rzy codziennie pracuj\u0105 nad dostarczaniem aktualnych materia\u0142\u00f3w, przydatnych artyku\u0142\u00f3w, przegl\u0105d\u00f3w broker\u00f3w i analiz strategii.<\/p>\t\t\t\t\t\t\t\t<\/div>\n\t\t\t\t<div class=\"elementor-element elementor-element-1fa27d8 elementor-widget elementor-widget-heading\" data-id=\"1fa27d8\" data-element_type=\"widget\" data-widget_type=\"heading.default\">\n\t\t\t\t\t<h2 class=\"elementor-heading-title elementor-size-default\">Nasza misja<\/h2>\t\t\t\t<\/div>\n\t\t\t\t<div class=\"elementor-element elementor-element-914331d elementor-widget elementor-widget-text-editor\" data-id=\"914331d\" data-element_type=\"widget\" data-widget_type=\"text-editor.default\">\n\t\t\t\t\t\t\t\t\t<ul><li>Podnoszenie \u015bwiadomo\u015bci finansowej u\u017cytkownik\u00f3w.<\/li><li>Przedstawia\u0107 uczciwe i obiektywne recenzje broker\u00f3w.<\/li><li>Pomaga\u0107 pocz\u0105tkuj\u0105cym i do\u015bwiadczonym inwestorom w znalezieniu nowych mo\u017cliwo\u015bci.<\/li><\/ul><p>Tworzenie bezpiecznej przestrzeni informacyjnej do wymiany do\u015bwiadcze\u0144 i wiedzy.<\/p>\t\t\t\t\t\t\t\t<\/div>\n\t\t\t\t<div class=\"elementor-element elementor-element-dc1d986 elementor-widget elementor-widget-heading\" data-id=\"dc1d986\" data-element_type=\"widget\" data-widget_type=\"heading.default\">\n\t\t\t\t\t<h2 class=\"elementor-heading-title elementor-size-default\">Dlaczego wybieraj\u0105 Forexton<\/h2>\t\t\t\t<\/div>\n\t\t\t\t<div class=\"elementor-element elementor-element-0444869 elementor-widget elementor-widget-text-editor\" data-id=\"0444869\" data-element_type=\"widget\" data-widget_type=\"text-editor.default\">\n\t\t\t\t\t\t\t\t\t<p>\u2714 Uczciwe i obiektywne podej\u015bcie \u2014 nie publikujemy materia\u0142\u00f3w bez sprawdzenia fakt\u00f3w.<br>\u2714 Szczeg\u00f3\u0142owe przegl\u0105dy i analizy \u2014 informacje przedstawione w spos\u00f3b maksymalnie przejrzysty i uporz\u0105dkowany.<br>\u2714 Niezale\u017cno\u015b\u0107 \u2014 nie jeste\u015bmy powi\u0105zani z konkretnymi brokerami ani firmami finansowymi.<br>\u2714 Ci\u0105g\u0142a aktualizacja informacji \u2014 \u015bledzimy zmiany na rynku Forex i inwestycyjnym.<\/p>\t\t\t\t\t\t\t\t<\/div>\n\t\t\t\t<div class=\"elementor-element elementor-element-563c42d elementor-widget elementor-widget-heading\" data-id=\"563c42d\" data-element_type=\"widget\" data-widget_type=\"heading.default\">\n\t\t\t\t\t<h2 class=\"elementor-heading-title elementor-size-default\">Nasze warto\u015bci<\/h2>\t\t\t\t<\/div>\n\t\t\t\t<div class=\"elementor-element elementor-element-de6d4dc elementor-widget elementor-widget-text-editor\" data-id=\"de6d4dc\" data-element_type=\"widget\" data-widget_type=\"text-editor.default\">\n\t\t\t\t\t\t\t\t\t<p>\ud83d\udd39 Przejrzysto\u015b\u0107 \u2014 w ka\u017cdej publikacji kierujemy si\u0119 zasad\u0105 uczciwo\u015bci.<br>\ud83d\udd39 Wiarygodno\u015b\u0107 \u2014 wszystkie materia\u0142y oparte s\u0105 na sprawdzonych \u017ar\u00f3d\u0142ach i analizach ekspert\u00f3w.<br>\ud83d\udd39 Odpowiedzialno\u015b\u0107 \u2014 rozumiemy, jak wa\u017cne s\u0105 decyzje finansowe dla ka\u017cdego u\u017cytkownika.<\/p>\t\t\t\t\t\t\t\t<\/div>\n\t\t\t\t<div class=\"elementor-element elementor-element-1ab83c4 elementor-widget elementor-widget-heading\" data-id=\"1ab83c4\" data-element_type=\"widget\" data-widget_type=\"heading.default\">\n\t\t\t\t\t<h2 class=\"elementor-heading-title elementor-size-default\">Z kim wsp\u00f3\u0142pracujemy<\/h2>\t\t\t\t<\/div>\n\t\t\t\t<div class=\"elementor-element elementor-element-9c79b92 elementor-widget elementor-widget-text-editor\" data-id=\"9c79b92\" data-element_type=\"widget\" data-widget_type=\"text-editor.default\">\n\t\t\t\t\t\t\t\t\t<p>Wsp\u00f3\u0142pracujemy z traderami, analitykami, ekspertami finansowymi i dziennikarzami. To pozwala nam dostarcza\u0107 jak najszersze i jak najbardziej zr\u00f3\u017cnicowane informacje o rynku.<\/p>\t\t\t\t\t\t\t\t<\/div>\n\t\t\t\t\t<\/div>\n\t\t<\/div>\n\t\t\t\t<div class=\"elementor-column elementor-col-50 elementor-top-column elementor-element elementor-element-c5d3a7e\" data-id=\"c5d3a7e\" data-element_type=\"column\">\n\t\t\t<div class=\"elementor-widget-wrap elementor-element-populated\">\n\t\t\t\t\t\t<div class=\"elementor-element elementor-element-d41729c elementor-widget elementor-widget-heading\" data-id=\"d41729c\" data-element_type=\"widget\" data-widget_type=\"heading.default\">\n\t\t\t\t\t<span class=\"elementor-heading-title elementor-size-default\">Najlepsi brokerzy<\/span>\t\t\t\t<\/div>\n\t\t\t\t\t<\/div>\n\t\t<\/div>\n\t\t\t\t\t<\/div>\n\t\t<\/section>\n\t\t\t\t<\/div>\n\t\t","protected":false},"excerpt":{"rendered":"<p>O nas Forexton Forexton \u2014 \u044d\u0442\u043e \u043d\u0435\u0437\u0430\u0432\u0438\u0441\u0438\u043c\u0430\u044f \u043e\u043d\u043b\u0430\u0439\u043d-\u043f\u043b\u0430\u0442\u0444\u043e\u0440\u043c\u0430, \u0441\u043e\u0437\u0434\u0430\u043d\u043d\u0430\u044f \u0434\u043b\u044f \u0442\u043e\u0433\u043e, \u0447\u0442\u043e\u0431\u044b \u043f\u0440\u0435\u0434\u043e\u0441\u0442\u0430\u0432\u0438\u0442\u044c \u043f\u043e\u043b\u044c\u0437\u043e\u0432\u0430\u0442\u0435\u043b\u044f\u043c \u0434\u043e\u0441\u0442\u043e\u0432\u0435\u0440\u043d\u0443\u044e \u0438 \u0441\u0442\u0440\u0443\u043a\u0442\u0443\u0440\u0438\u0440\u043e\u0432\u0430\u043d\u043d\u0443\u044e \u0438\u043d\u0444\u043e\u0440\u043c\u0430\u0446\u0438\u044e \u043e \u043c\u0438\u0440\u0435 [&hellip;]<\/p>\n","protected":false},"author":1,"featured_media":0,"parent":0,"menu_order":0,"comment_status":"closed","ping_status":"closed","template":"elementor_header_footer","meta":{"_seopress_robots_primary_cat":"","_seopress_titles_title":"O nas | Forexton","_seopress_titles_desc":"","_seopress_robots_index":"","site-sidebar-layout":"no-sidebar","site-content-layout":"","ast-site-content-layout":"full-width-container","site-content-style":"default","site-sidebar-style":"default","ast-global-header-display":"","ast-banner-title-visibility":"","ast-main-header-display":"","ast-hfb-above-header-display":"","ast-hfb-below-header-display":"","ast-hfb-mobile-header-display":"","site-post-title":"disabled","ast-breadcrumbs-content":"","ast-featured-img":"disabled","footer-sml-layout":"","theme-transparent-header-meta":"default","adv-header-id-meta":"","stick-header-meta":"","header-above-stick-meta":"","header-main-stick-meta":"","header-below-stick-meta":"","astra-migrate-meta-layouts":"default","ast-page-background-enabled":"default","ast-page-background-meta":{"desktop":{"background-color":"var(--ast-global-color-5)","background-image":"","background-repeat":"repeat","background-position":"center center","background-size":"auto","background-attachment":"scroll","background-type":"","background-media":"","overlay-type":"","overlay-color":"","overlay-opacity":"","overlay-gradient":""},"tablet":{"background-color":"","background-image":"","background-repeat":"repeat","background-position":"center center","background-size":"auto","background-attachment":"scroll","background-type":"","background-media":"","overlay-type":"","overlay-color":"","overlay-opacity":"","overlay-gradient":""},"mobile":{"background-color":"","background-image":"","background-repeat":"repeat","background-position":"center center","background-size":"auto","background-attachment":"scroll","background-type":"","background-media":"","overlay-type":"","overlay-color":"","overlay-opacity":"","overlay-gradient":""}},"ast-content-background-meta":{"desktop":{"background-color":"var(--ast-global-color-4)","background-image":"","background-repeat":"repeat","background-position":"center center","background-size":"auto","background-attachment":"scroll","background-type":"","background-media":"","overlay-type":"","overlay-color":"","overlay-opacity":"","overlay-gradient":""},"tablet":{"background-color":"var(--ast-global-color-4)","background-image":"","background-repeat":"repeat","background-position":"center center","background-size":"auto","background-attachment":"scroll","background-type":"","background-media":"","overlay-type":"","overlay-color":"","overlay-opacity":"","overlay-gradient":""},"mobile":{"background-color":"var(--ast-global-color-4)","background-image":"","background-repeat":"repeat","background-position":"center center","background-size":"auto","background-attachment":"scroll","background-type":"","background-media":"","overlay-type":"","overlay-color":"","overlay-opacity":"","overlay-gradient":""}},"footnotes":""},"class_list":["post-1693","page","type-page","status-publish","hentry"],"_links":{"self":[{"href":"https:\/\/forexton.net\/pl\/wp-json\/wp\/v2\/pages\/1693","targetHints":{"allow":["GET"]}}],"collection":[{"href":"https:\/\/forexton.net\/pl\/wp-json\/wp\/v2\/pages"}],"about":[{"href":"https:\/\/forexton.net\/pl\/wp-json\/wp\/v2\/types\/page"}],"author":[{"embeddable":true,"href":"https:\/\/forexton.net\/pl\/wp-json\/wp\/v2\/users\/1"}],"replies":[{"embeddable":true,"href":"https:\/\/forexton.net\/pl\/wp-json\/wp\/v2\/comments?post=1693"}],"version-history":[{"count":0,"href":"https:\/\/forexton.net\/pl\/wp-json\/wp\/v2\/pages\/1693\/revisions"}],"wp:attachment":[{"href":"https:\/\/forexton.net\/pl\/wp-json\/wp\/v2\/media?parent=1693"}],"curies":[{"name":"wp","href":"https:\/\/api.w.org\/{rel}","templated":true}]}}