{"id":1677,"date":"2025-08-29T02:25:37","date_gmt":"2025-08-28T23:25:37","guid":{"rendered":"https:\/\/forexton.net\/polityka-plikow-cookie\/"},"modified":"2025-12-16T23:50:51","modified_gmt":"2025-12-16T20:50:51","slug":"polityka-plikow-cookie","status":"publish","type":"page","link":"https:\/\/forexton.net\/pl\/polityka-plikow-cookie\/","title":{"rendered":"Polityka plik\u00f3w cookie"},"content":{"rendered":"\t\t<div data-elementor-type=\"wp-page\" data-elementor-id=\"1677\" class=\"elementor elementor-1677 elementor-238\" data-elementor-post-type=\"page\">\n\t\t\t\t\t\t<section class=\"elementor-section elementor-top-section elementor-element elementor-element-ebe34a0 elementor-section-boxed elementor-section-height-default elementor-section-height-default\" data-id=\"ebe34a0\" data-element_type=\"section\" data-settings=\"{&quot;background_background&quot;:&quot;classic&quot;}\">\n\t\t\t\t\t\t<div class=\"elementor-container elementor-column-gap-default\">\n\t\t\t\t\t<div class=\"elementor-column elementor-col-100 elementor-top-column elementor-element elementor-element-241b171\" data-id=\"241b171\" data-element_type=\"column\">\n\t\t\t<div class=\"elementor-widget-wrap elementor-element-populated\">\n\t\t\t\t\t\t<div class=\"elementor-element elementor-element-ad0d7ec elementor-widget elementor-widget-heading\" data-id=\"ad0d7ec\" data-element_type=\"widget\" data-widget_type=\"heading.default\">\n\t\t\t\t\t<h1 class=\"elementor-heading-title elementor-size-default\">Polityka plik\u00f3w cookie<\/h1>\t\t\t\t<\/div>\n\t\t\t\t\t<\/div>\n\t\t<\/div>\n\t\t\t\t\t<\/div>\n\t\t<\/section>\n\t\t\t\t<section class=\"elementor-section elementor-top-section elementor-element elementor-element-d0c37eb elementor-section-boxed elementor-section-height-default elementor-section-height-default\" data-id=\"d0c37eb\" data-element_type=\"section\">\n\t\t\t\t\t\t<div class=\"elementor-container elementor-column-gap-default\">\n\t\t\t\t\t<div class=\"elementor-column elementor-col-100 elementor-top-column elementor-element elementor-element-9ae0efc\" data-id=\"9ae0efc\" data-element_type=\"column\">\n\t\t\t<div class=\"elementor-widget-wrap elementor-element-populated\">\n\t\t\t\t\t\t<div class=\"elementor-element elementor-element-92a92c0 elementor-widget elementor-widget-text-editor\" data-id=\"92a92c0\" data-element_type=\"widget\" data-widget_type=\"text-editor.default\">\n\t\t\t\t\t\t\t\t\t<ol><li> <strong>Postanowienia og\u00f3lne<\/strong><br>Niniejsza Polityka plik\u00f3w cookie wyja\u015bnia, w jaki spos\u00f3b strona internetowa <strong>Forexton <\/strong>wykorzystuje pliki cookie i podobne technologie podczas \u015bwiadczenia swoich us\u0142ug. Korzystaj\u0105c z naszej strony internetowej, wyra\u017casz zgod\u0119 na niniejsz\u0105 Polityk\u0119.<br><br><\/li><li> <strong>Czym s\u0105 pliki cookie<\/strong><br>Pliki cookie to niewielkie pliki tekstowe, kt\u00f3re s\u0105 zapisywane na urz\u0105dzeniu u\u017cytkownika w celu zapewnienia prawid\u0142owego dzia\u0142ania strony internetowej, analizy odwiedzin i personalizacji tre\u015bci.<br><br><\/li><li><strong> Cele wykorzystania<\/strong><\/li><\/ol><ul><li><strong>Techniczne pliki cookie:<\/strong> zapewniaj\u0105 prawid\u0142owe funkcjonowanie strony internetowej, zapami\u0119tuj\u0105 ustawienia u\u017cytkownika i preferowany j\u0119zyk.<\/li><li><strong>Analityczne pliki cookie:<\/strong> gromadz\u0105 statystyki dotycz\u0105ce odwiedzin i interakcji z witryn\u0105, co pozwala poprawi\u0107 jako\u015b\u0107 \u015bwiadczonych us\u0142ug.<\/li><li><strong>Pliki cookie<\/strong> zwi\u0105zane z reklamami: pomagaj\u0105 dostarcza\u0107 odpowiednie oferty i tre\u015bci.<\/li><\/ul><ol start=\"4\"><li> <strong>Zarz\u0105dzanie plikami cookie<\/strong><br>Mo\u017cesz zmieni\u0107 ustawienia plik\u00f3w cookie w swojej przegl\u0105darce. Nale\u017cy pami\u0119ta\u0107, \u017ce wy\u0142\u0105czenie niekt\u00f3rych plik\u00f3w cookie mo\u017ce wp\u0142yn\u0105\u0107 na funkcjonalno\u015b\u0107 strony internetowej.<br><br><\/li><li> <strong>Zmiany w polityce<\/strong><br>Forexton zastrzega sobie prawo do wprowadzania zmian w niniejszej Polityce plik\u00f3w cookie. Aktualna wersja jest publikowana na stronie internetowej.<\/li><\/ol>\t\t\t\t\t\t\t\t<\/div>\n\t\t\t\t\t<\/div>\n\t\t<\/div>\n\t\t\t\t\t<\/div>\n\t\t<\/section>\n\t\t\t\t<\/div>\n\t\t","protected":false},"excerpt":{"rendered":"<p>Polityka plik\u00f3w cookie Postanowienia og\u00f3lneNiniejsza Polityka plik\u00f3w cookie wyja\u015bnia, w jaki spos\u00f3b strona internetowa Forexton wykorzystuje pliki cookie i podobne [&hellip;]<\/p>\n","protected":false},"author":1,"featured_media":0,"parent":0,"menu_order":0,"comment_status":"closed","ping_status":"closed","template":"elementor_header_footer","meta":{"_seopress_robots_primary_cat":"","_seopress_titles_title":"Cookie Policy | Forexton","_seopress_titles_desc":"","_seopress_robots_index":"","site-sidebar-layout":"no-sidebar","site-content-layout":"","ast-site-content-layout":"full-width-container","site-content-style":"default","site-sidebar-style":"default","ast-global-header-display":"","ast-banner-title-visibility":"","ast-main-header-display":"","ast-hfb-above-header-display":"","ast-hfb-below-header-display":"","ast-hfb-mobile-header-display":"","site-post-title":"disabled","ast-breadcrumbs-content":"","ast-featured-img":"disabled","footer-sml-layout":"","theme-transparent-header-meta":"default","adv-header-id-meta":"","stick-header-meta":"","header-above-stick-meta":"","header-main-stick-meta":"","header-below-stick-meta":"","astra-migrate-meta-layouts":"default","ast-page-background-enabled":"default","ast-page-background-meta":{"desktop":{"background-color":"var(--ast-global-color-5)","background-image":"","background-repeat":"repeat","background-position":"center center","background-size":"auto","background-attachment":"scroll","background-type":"","background-media":"","overlay-type":"","overlay-color":"","overlay-opacity":"","overlay-gradient":""},"tablet":{"background-color":"","background-image":"","background-repeat":"repeat","background-position":"center center","background-size":"auto","background-attachment":"scroll","background-type":"","background-media":"","overlay-type":"","overlay-color":"","overlay-opacity":"","overlay-gradient":""},"mobile":{"background-color":"","background-image":"","background-repeat":"repeat","background-position":"center center","background-size":"auto","background-attachment":"scroll","background-type":"","background-media":"","overlay-type":"","overlay-color":"","overlay-opacity":"","overlay-gradient":""}},"ast-content-background-meta":{"desktop":{"background-color":"var(--ast-global-color-4)","background-image":"","background-repeat":"repeat","background-position":"center center","background-size":"auto","background-attachment":"scroll","background-type":"","background-media":"","overlay-type":"","overlay-color":"","overlay-opacity":"","overlay-gradient":""},"tablet":{"background-color":"var(--ast-global-color-4)","background-image":"","background-repeat":"repeat","background-position":"center center","background-size":"auto","background-attachment":"scroll","background-type":"","background-media":"","overlay-type":"","overlay-color":"","overlay-opacity":"","overlay-gradient":""},"mobile":{"background-color":"var(--ast-global-color-4)","background-image":"","background-repeat":"repeat","background-position":"center center","background-size":"auto","background-attachment":"scroll","background-type":"","background-media":"","overlay-type":"","overlay-color":"","overlay-opacity":"","overlay-gradient":""}},"footnotes":""},"class_list":["post-1677","page","type-page","status-publish","hentry"],"_links":{"self":[{"href":"https:\/\/forexton.net\/pl\/wp-json\/wp\/v2\/pages\/1677","targetHints":{"allow":["GET"]}}],"collection":[{"href":"https:\/\/forexton.net\/pl\/wp-json\/wp\/v2\/pages"}],"about":[{"href":"https:\/\/forexton.net\/pl\/wp-json\/wp\/v2\/types\/page"}],"author":[{"embeddable":true,"href":"https:\/\/forexton.net\/pl\/wp-json\/wp\/v2\/users\/1"}],"replies":[{"embeddable":true,"href":"https:\/\/forexton.net\/pl\/wp-json\/wp\/v2\/comments?post=1677"}],"version-history":[{"count":0,"href":"https:\/\/forexton.net\/pl\/wp-json\/wp\/v2\/pages\/1677\/revisions"}],"wp:attachment":[{"href":"https:\/\/forexton.net\/pl\/wp-json\/wp\/v2\/media?parent=1677"}],"curies":[{"name":"wp","href":"https:\/\/api.w.org\/{rel}","templated":true}]}}